{"id":616,"date":"2024-07-04T11:34:35","date_gmt":"2024-07-04T09:34:35","guid":{"rendered":"https:\/\/grupserentill.com\/areas-de-actividad\/"},"modified":"2024-07-11T13:18:57","modified_gmt":"2024-07-11T11:18:57","slug":"areas-de-actividad","status":"publish","type":"page","link":"https:\/\/grupserentill.com\/es\/areas-de-actividad\/","title":{"rendered":"\u00c1reas de actividad"},"content":{"rendered":"<p>[et_pb_section fb_built=\u00bb1&#8243; _builder_version=\u00bb4.24.2&#8243; _module_preset=\u00bbdefault\u00bb global_colors_info=\u00bb{}\u00bb][et_pb_row column_structure=\u00bb1_2,1_2&#8243; _builder_version=\u00bb4.25.1&#8243; _module_preset=\u00bbdefault\u00bb locked=\u00bboff\u00bb global_colors_info=\u00bb{}\u00bb][et_pb_column type=\u00bb1_2&#8243; _builder_version=\u00bb4.25.1&#8243; _module_preset=\u00bbdefault\u00bb custom_padding=\u00bb50px||50px||true|false\u00bb custom_padding_tablet=\u00bb0%||0%||true|false\u00bb custom_padding_phone=\u00bb0%||0%||true|false\u00bb custom_padding_last_edited=\u00bbon|tablet\u00bb global_colors_info=\u00bb{}\u00bb][et_pb_blurb title=\u00bbNuestras \u00e1reas de actividad son diversas y complementarias. \u00bb content_max_width=\u00bb1100px\u00bb _builder_version=\u00bb4.25.1&#8243; _module_preset=\u00bbdefault\u00bb header_level=\u00bbh6&#8243; header_font=\u00bbMerriweather|700|||||||\u00bb header_text_color=\u00bb#BC4C1A\u00bb header_font_size=\u00bb26px\u00bb custom_margin=\u00bb||10px||false|false\u00bb animation_style=\u00bbslide\u00bb animation_direction=\u00bbright\u00bb global_colors_info=\u00bb{}\u00bb][\/et_pb_blurb][\/et_pb_column][et_pb_column type=\u00bb1_2&#8243; _builder_version=\u00bb4.23.2&#8243; _module_preset=\u00bbdefault\u00bb global_colors_info=\u00bb{}\u00bb][et_pb_image src=\u00bbhttps:\/\/grupserentill.com\/wp-content\/uploads\/benestar-animal-scaled.jpg\u00bb title_text=\u00bbmde\u00bb force_fullwidth=\u00bbon\u00bb _builder_version=\u00bb4.25.1&#8243; _module_preset=\u00bbdefault\u00bb custom_margin=\u00bb-300px||||false|false\u00bb custom_margin_tablet=\u00bb0px||||false|false\u00bb custom_margin_phone=\u00bb0px||||false|false\u00bb custom_margin_last_edited=\u00bbon|tablet\u00bb animation_style=\u00bbfade\u00bb global_colors_info=\u00bb{}\u00bb][\/et_pb_image][\/et_pb_column][\/et_pb_row][et_pb_row column_structure=\u00bb1_3,1_3,1_3&#8243; _builder_version=\u00bb4.25.1&#8243; _module_preset=\u00bbdefault\u00bb global_colors_info=\u00bb{}\u00bb][et_pb_column type=\u00bb1_3&#8243; _builder_version=\u00bb4.25.1&#8243; _module_preset=\u00bbdefault\u00bb global_colors_info=\u00bb{}\u00bb][et_pb_text _builder_version=\u00bb4.25.1&#8243; _module_preset=\u00bb_initial\u00bb header_2_font_size=\u00bb2.5em\u00bb global_colors_info=\u00bb{}\u00bb]<\/p>\n<h2>Cr\u00eda<\/h2>\n<p>En la cr\u00eda, <strong>Ramadera Terraple y ARS<\/strong> se centran en la reproducci\u00f3n de cerdas de alta calidad, aplicando m\u00e9todos avanzados de gesti\u00f3n animal para asegurar la salud y el bienestar de los cerdos.<\/p>\n<p>[\/et_pb_text][\/et_pb_column][et_pb_column type=\u00bb1_3&#8243; _builder_version=\u00bb4.25.1&#8243; _module_preset=\u00bbdefault\u00bb global_colors_info=\u00bb{}\u00bb][et_pb_text _builder_version=\u00bb4.25.1&#8243; _module_preset=\u00bb_initial\u00bb header_2_font_size=\u00bb2.5em\u00bb global_colors_info=\u00bb{}\u00bb]<\/p>\n<h2>Cultivo<\/h2>\n<p>En el \u00e1rea de cultivo, <strong>Llitera Ponent<\/strong> gestiona tierras agr\u00edcolas con t\u00e9cnicas sostenibles que permiten una producci\u00f3n eficiente y respetuosa con el medio ambiente.<\/p>\n<p>[\/et_pb_text][\/et_pb_column][et_pb_column type=\u00bb1_3&#8243; _builder_version=\u00bb4.25.1&#8243; _module_preset=\u00bbdefault\u00bb global_colors_info=\u00bb{}\u00bb][et_pb_text _builder_version=\u00bb4.25.1&#8243; _module_preset=\u00bb_initial\u00bb header_2_font_size=\u00bb2.5em\u00bb custom_margin=\u00bb||10px||false|false\u00bb global_colors_info=\u00bb{}\u00bb]<\/p>\n<h2>Planta de deyecciones<\/h2>\n<p>La planta de deyecciones de <strong>Composmont<\/strong> se encarga de transformar los residuos ganaderos en recursos \u00fatiles, como fertilizantes org\u00e1nicos, contribuyendo as\u00ed a la econom\u00eda circular ya la reducci\u00f3n del impacto ambiental.<\/p>\n<p>[\/et_pb_text][\/et_pb_column][\/et_pb_row][et_pb_row column_structure=\u00bb1_4,1_4,1_4,1_4&#8243; _builder_version=\u00bb4.25.1&#8243; _module_preset=\u00bbdefault\u00bb global_colors_info=\u00bb{}\u00bb][et_pb_column type=\u00bb1_4&#8243; _builder_version=\u00bb4.25.1&#8243; _module_preset=\u00bbdefault\u00bb global_colors_info=\u00bb{}\u00bb][et_pb_image src=\u00bbhttps:\/\/grupserentill.com\/wp-content\/uploads\/TERRAPLE-logo.png\u00bb title_text=\u00bbTERRAPLE-logo\u00bb _builder_version=\u00bb4.25.1&#8243; _module_preset=\u00bbdefault\u00bb animation_style=\u00bbfade\u00bb animation_direction=\u00bbbottom\u00bb global_colors_info=\u00bb{}\u00bb][\/et_pb_image][\/et_pb_column][et_pb_column type=\u00bb1_4&#8243; _builder_version=\u00bb4.25.1&#8243; _module_preset=\u00bbdefault\u00bb global_colors_info=\u00bb{}\u00bb][et_pb_image src=\u00bbhttps:\/\/grupserentill.com\/wp-content\/uploads\/ARS-logo.png\u00bb title_text=\u00bbARS-logo\u00bb _builder_version=\u00bb4.25.1&#8243; _module_preset=\u00bbdefault\u00bb animation_style=\u00bbfade\u00bb animation_direction=\u00bbbottom\u00bb global_colors_info=\u00bb{}\u00bb][\/et_pb_image][\/et_pb_column][et_pb_column type=\u00bb1_4&#8243; _builder_version=\u00bb4.25.1&#8243; _module_preset=\u00bbdefault\u00bb global_colors_info=\u00bb{}\u00bb][et_pb_image src=\u00bbhttps:\/\/grupserentill.com\/wp-content\/uploads\/LLITERAPONENT-logo.png\u00bb title_text=\u00bbLLITERAPONENT-logo\u00bb _builder_version=\u00bb4.25.1&#8243; _module_preset=\u00bbdefault\u00bb animation_style=\u00bbfade\u00bb animation_direction=\u00bbbottom\u00bb global_colors_info=\u00bb{}\u00bb][\/et_pb_image][\/et_pb_column][et_pb_column type=\u00bb1_4&#8243; _builder_version=\u00bb4.25.1&#8243; _module_preset=\u00bbdefault\u00bb global_colors_info=\u00bb{}\u00bb][et_pb_image src=\u00bbhttps:\/\/grupserentill.com\/wp-content\/uploads\/COMPOSMONT-logo.png\u00bb title_text=\u00bbCOMPOSMONT-logo\u00bb _builder_version=\u00bb4.25.1&#8243; _module_preset=\u00bbdefault\u00bb animation_style=\u00bbfade\u00bb animation_direction=\u00bbbottom\u00bb global_colors_info=\u00bb{}\u00bb][\/et_pb_image][\/et_pb_column][\/et_pb_row][\/et_pb_section][et_pb_section fb_built=\u00bb1&#8243; fullwidth=\u00bbon\u00bb _builder_version=\u00bb4.25.1&#8243; _module_preset=\u00bbdefault\u00bb locked=\u00bboff\u00bb global_colors_info=\u00bb{}\u00bb][et_pb_fullwidth_slider _builder_version=\u00bb4.25.1&#8243; _module_preset=\u00bbdefault\u00bb header_font=\u00bb&#8211;et_global_body_font|700|||||||\u00bb custom_padding=\u00bb300px||300px||true|false\u00bb custom_padding_tablet=\u00bb200px||200px||true|false\u00bb custom_padding_phone=\u00bb150px||150px||true|false\u00bb custom_padding_last_edited=\u00bbon|phone\u00bb global_colors_info=\u00bb{}\u00bb][et_pb_slide _builder_version=\u00bb4.25.1&#8243; _module_preset=\u00bbdefault\u00bb header_level=\u00bbh1&#8243; header_font=\u00bb&#8211;et_global_body_font|700|||||||\u00bb header_font_size=\u00bb4em\u00bb use_background_color_gradient=\u00bbon\u00bb background_color_gradient_stops=\u00bbrgba(45,46,48,0.1) 0%|rgba(45,46,48,0.1) 100%\u00bb background_color_gradient_overlays_image=\u00bbon\u00bb background_enable_image=\u00bboff\u00bb background_video_mp4=\u00bbhttps:\/\/grupserentill.com\/wp-content\/uploads\/grup-serentill-empresa-11.mp4&#8243; background_enable_video_mp4=\u00bbon\u00bb header_font_size_tablet=\u00bb3em\u00bb header_font_size_phone=\u00bb2.5em\u00bb header_font_size_last_edited=\u00bbon|phone\u00bb background_last_edited=\u00bbon|desktop\u00bb background_image_tablet=\u00bbhttps:\/\/grupserentill.com\/wp-content\/uploads\/grup-serentill-sostenibilitat.jpg\u00bb background_enable_image_tablet=\u00bbon\u00bb parallax_tablet=\u00bboff\u00bb parallax_method_tablet=\u00bboff\u00bb background_position_tablet=\u00bbtop_center\u00bb global_colors_info=\u00bb{}\u00bb sticky_transition=\u00bbon\u00bb][\/et_pb_slide][\/et_pb_fullwidth_slider][\/et_pb_section]<\/p>\n","protected":false},"excerpt":{"rendered":"<p>Cr\u00eda En la cr\u00eda, Ramadera Terraple y ARS se centran en la reproducci\u00f3n de cerdas de alta calidad, aplicando m\u00e9todos avanzados de gesti\u00f3n animal para asegurar la salud y el bienestar de los cerdos.Cultivo En el \u00e1rea de cultivo, Llitera Ponent gestiona tierras agr\u00edcolas con t\u00e9cnicas sostenibles que permiten una producci\u00f3n eficiente y respetuosa con [&hellip;]<\/p>\n","protected":false},"author":1,"featured_media":673,"parent":0,"menu_order":0,"comment_status":"closed","ping_status":"closed","template":"","meta":{"_et_pb_use_builder":"on","_et_pb_old_content":"","_et_gb_content_width":"","footnotes":""},"class_list":["post-616","page","type-page","status-publish","has-post-thumbnail","hentry"],"yoast_head":"<!-- This site is optimized with the Yoast SEO plugin v27.1.1 - https:\/\/yoast.com\/product\/yoast-seo-wordpress\/ -->\n<title>\u00c1reas de actividad - Grup Serentill<\/title>\n<meta name=\"robots\" content=\"index, follow, max-snippet:-1, max-image-preview:large, max-video-preview:-1\" \/>\n<link rel=\"canonical\" href=\"https:\/\/grupserentill.com\/es\/areas-de-actividad\/\" \/>\n<meta property=\"og:locale\" content=\"es_ES\" \/>\n<meta property=\"og:type\" content=\"article\" \/>\n<meta property=\"og:title\" content=\"\u00c1reas de actividad - Grup Serentill\" \/>\n<meta property=\"og:description\" content=\"Cr\u00eda En la cr\u00eda, Ramadera Terraple y ARS se centran en la reproducci\u00f3n de cerdas de alta calidad, aplicando m\u00e9todos avanzados de gesti\u00f3n animal para asegurar la salud y el bienestar de los cerdos.Cultivo En el \u00e1rea de cultivo, Llitera Ponent gestiona tierras agr\u00edcolas con t\u00e9cnicas sostenibles que permiten una producci\u00f3n eficiente y respetuosa con [&hellip;]\" \/>\n<meta property=\"og:url\" content=\"https:\/\/grupserentill.com\/es\/areas-de-actividad\/\" \/>\n<meta property=\"og:site_name\" content=\"Grup Serentill\" \/>\n<meta property=\"article:modified_time\" content=\"2024-07-11T11:18:57+00:00\" \/>\n<meta property=\"og:image\" content=\"https:\/\/grupserentill.com\/wp-content\/uploads\/IMG_5065-e1720611613246.jpg\" \/>\n\t<meta property=\"og:image:width\" content=\"2016\" \/>\n\t<meta property=\"og:image:height\" content=\"1512\" \/>\n\t<meta property=\"og:image:type\" content=\"image\/jpeg\" \/>\n<meta name=\"twitter:card\" content=\"summary_large_image\" \/>\n<meta name=\"twitter:label1\" content=\"Tiempo de lectura\" \/>\n\t<meta name=\"twitter:data1\" content=\"4 minutos\" \/>\n<script type=\"application\/ld+json\" class=\"yoast-schema-graph\">{\"@context\":\"https:\/\/schema.org\",\"@graph\":[{\"@type\":\"WebPage\",\"@id\":\"https:\/\/grupserentill.com\/es\/areas-de-actividad\/\",\"url\":\"https:\/\/grupserentill.com\/es\/areas-de-actividad\/\",\"name\":\"\u00c1reas de actividad - Grup Serentill\",\"isPartOf\":{\"@id\":\"https:\/\/grupserentill.com\/es\/#website\"},\"primaryImageOfPage\":{\"@id\":\"https:\/\/grupserentill.com\/es\/areas-de-actividad\/#primaryimage\"},\"image\":{\"@id\":\"https:\/\/grupserentill.com\/es\/areas-de-actividad\/#primaryimage\"},\"thumbnailUrl\":\"https:\/\/grupserentill.com\/wp-content\/uploads\/IMG_5065-e1720611613246.jpg\",\"datePublished\":\"2024-07-04T09:34:35+00:00\",\"dateModified\":\"2024-07-11T11:18:57+00:00\",\"breadcrumb\":{\"@id\":\"https:\/\/grupserentill.com\/es\/areas-de-actividad\/#breadcrumb\"},\"inLanguage\":\"es\",\"potentialAction\":[{\"@type\":\"ReadAction\",\"target\":[\"https:\/\/grupserentill.com\/es\/areas-de-actividad\/\"]}]},{\"@type\":\"ImageObject\",\"inLanguage\":\"es\",\"@id\":\"https:\/\/grupserentill.com\/es\/areas-de-actividad\/#primaryimage\",\"url\":\"https:\/\/grupserentill.com\/wp-content\/uploads\/IMG_5065-e1720611613246.jpg\",\"contentUrl\":\"https:\/\/grupserentill.com\/wp-content\/uploads\/IMG_5065-e1720611613246.jpg\",\"width\":2016,\"height\":1512},{\"@type\":\"BreadcrumbList\",\"@id\":\"https:\/\/grupserentill.com\/es\/areas-de-actividad\/#breadcrumb\",\"itemListElement\":[{\"@type\":\"ListItem\",\"position\":1,\"name\":\"Inici\",\"item\":\"https:\/\/grupserentill.com\/es\/\"},{\"@type\":\"ListItem\",\"position\":2,\"name\":\"\u00c1reas de actividad\"}]},{\"@type\":\"WebSite\",\"@id\":\"https:\/\/grupserentill.com\/es\/#website\",\"url\":\"https:\/\/grupserentill.com\/es\/\",\"name\":\"Grup Serentill\",\"description\":\"\",\"publisher\":{\"@id\":\"https:\/\/grupserentill.com\/es\/#organization\"},\"potentialAction\":[{\"@type\":\"SearchAction\",\"target\":{\"@type\":\"EntryPoint\",\"urlTemplate\":\"https:\/\/grupserentill.com\/es\/?s={search_term_string}\"},\"query-input\":{\"@type\":\"PropertyValueSpecification\",\"valueRequired\":true,\"valueName\":\"search_term_string\"}}],\"inLanguage\":\"es\"},{\"@type\":\"Organization\",\"@id\":\"https:\/\/grupserentill.com\/es\/#organization\",\"name\":\"Grup Serentill\",\"url\":\"https:\/\/grupserentill.com\/es\/\",\"logo\":{\"@type\":\"ImageObject\",\"inLanguage\":\"es\",\"@id\":\"https:\/\/grupserentill.com\/es\/#\/schema\/logo\/image\/\",\"url\":\"https:\/\/grupserentill.com\/wp-content\/uploads\/GRUPS-positiu-transparent.png\",\"contentUrl\":\"https:\/\/grupserentill.com\/wp-content\/uploads\/GRUPS-positiu-transparent.png\",\"width\":400,\"height\":148,\"caption\":\"Grup Serentill\"},\"image\":{\"@id\":\"https:\/\/grupserentill.com\/es\/#\/schema\/logo\/image\/\"},\"sameAs\":[\"https:\/\/www.linkedin.com\/company\/grup-serentill\"]}]}<\/script>\n<!-- \/ Yoast SEO plugin. -->","yoast_head_json":{"title":"\u00c1reas de actividad - Grup Serentill","robots":{"index":"index","follow":"follow","max-snippet":"max-snippet:-1","max-image-preview":"max-image-preview:large","max-video-preview":"max-video-preview:-1"},"canonical":"https:\/\/grupserentill.com\/es\/areas-de-actividad\/","og_locale":"es_ES","og_type":"article","og_title":"\u00c1reas de actividad - Grup Serentill","og_description":"Cr\u00eda En la cr\u00eda, Ramadera Terraple y ARS se centran en la reproducci\u00f3n de cerdas de alta calidad, aplicando m\u00e9todos avanzados de gesti\u00f3n animal para asegurar la salud y el bienestar de los cerdos.Cultivo En el \u00e1rea de cultivo, Llitera Ponent gestiona tierras agr\u00edcolas con t\u00e9cnicas sostenibles que permiten una producci\u00f3n eficiente y respetuosa con [&hellip;]","og_url":"https:\/\/grupserentill.com\/es\/areas-de-actividad\/","og_site_name":"Grup Serentill","article_modified_time":"2024-07-11T11:18:57+00:00","og_image":[{"width":2016,"height":1512,"url":"https:\/\/grupserentill.com\/wp-content\/uploads\/IMG_5065-e1720611613246.jpg","type":"image\/jpeg"}],"twitter_card":"summary_large_image","twitter_misc":{"Tiempo de lectura":"4 minutos"},"schema":{"@context":"https:\/\/schema.org","@graph":[{"@type":"WebPage","@id":"https:\/\/grupserentill.com\/es\/areas-de-actividad\/","url":"https:\/\/grupserentill.com\/es\/areas-de-actividad\/","name":"\u00c1reas de actividad - Grup Serentill","isPartOf":{"@id":"https:\/\/grupserentill.com\/es\/#website"},"primaryImageOfPage":{"@id":"https:\/\/grupserentill.com\/es\/areas-de-actividad\/#primaryimage"},"image":{"@id":"https:\/\/grupserentill.com\/es\/areas-de-actividad\/#primaryimage"},"thumbnailUrl":"https:\/\/grupserentill.com\/wp-content\/uploads\/IMG_5065-e1720611613246.jpg","datePublished":"2024-07-04T09:34:35+00:00","dateModified":"2024-07-11T11:18:57+00:00","breadcrumb":{"@id":"https:\/\/grupserentill.com\/es\/areas-de-actividad\/#breadcrumb"},"inLanguage":"es","potentialAction":[{"@type":"ReadAction","target":["https:\/\/grupserentill.com\/es\/areas-de-actividad\/"]}]},{"@type":"ImageObject","inLanguage":"es","@id":"https:\/\/grupserentill.com\/es\/areas-de-actividad\/#primaryimage","url":"https:\/\/grupserentill.com\/wp-content\/uploads\/IMG_5065-e1720611613246.jpg","contentUrl":"https:\/\/grupserentill.com\/wp-content\/uploads\/IMG_5065-e1720611613246.jpg","width":2016,"height":1512},{"@type":"BreadcrumbList","@id":"https:\/\/grupserentill.com\/es\/areas-de-actividad\/#breadcrumb","itemListElement":[{"@type":"ListItem","position":1,"name":"Inici","item":"https:\/\/grupserentill.com\/es\/"},{"@type":"ListItem","position":2,"name":"\u00c1reas de actividad"}]},{"@type":"WebSite","@id":"https:\/\/grupserentill.com\/es\/#website","url":"https:\/\/grupserentill.com\/es\/","name":"Grup Serentill","description":"","publisher":{"@id":"https:\/\/grupserentill.com\/es\/#organization"},"potentialAction":[{"@type":"SearchAction","target":{"@type":"EntryPoint","urlTemplate":"https:\/\/grupserentill.com\/es\/?s={search_term_string}"},"query-input":{"@type":"PropertyValueSpecification","valueRequired":true,"valueName":"search_term_string"}}],"inLanguage":"es"},{"@type":"Organization","@id":"https:\/\/grupserentill.com\/es\/#organization","name":"Grup Serentill","url":"https:\/\/grupserentill.com\/es\/","logo":{"@type":"ImageObject","inLanguage":"es","@id":"https:\/\/grupserentill.com\/es\/#\/schema\/logo\/image\/","url":"https:\/\/grupserentill.com\/wp-content\/uploads\/GRUPS-positiu-transparent.png","contentUrl":"https:\/\/grupserentill.com\/wp-content\/uploads\/GRUPS-positiu-transparent.png","width":400,"height":148,"caption":"Grup Serentill"},"image":{"@id":"https:\/\/grupserentill.com\/es\/#\/schema\/logo\/image\/"},"sameAs":["https:\/\/www.linkedin.com\/company\/grup-serentill"]}]}},"_links":{"self":[{"href":"https:\/\/grupserentill.com\/es\/wp-json\/wp\/v2\/pages\/616","targetHints":{"allow":["GET"]}}],"collection":[{"href":"https:\/\/grupserentill.com\/es\/wp-json\/wp\/v2\/pages"}],"about":[{"href":"https:\/\/grupserentill.com\/es\/wp-json\/wp\/v2\/types\/page"}],"author":[{"embeddable":true,"href":"https:\/\/grupserentill.com\/es\/wp-json\/wp\/v2\/users\/1"}],"replies":[{"embeddable":true,"href":"https:\/\/grupserentill.com\/es\/wp-json\/wp\/v2\/comments?post=616"}],"version-history":[{"count":10,"href":"https:\/\/grupserentill.com\/es\/wp-json\/wp\/v2\/pages\/616\/revisions"}],"predecessor-version":[{"id":690,"href":"https:\/\/grupserentill.com\/es\/wp-json\/wp\/v2\/pages\/616\/revisions\/690"}],"wp:featuredmedia":[{"embeddable":true,"href":"https:\/\/grupserentill.com\/es\/wp-json\/wp\/v2\/media\/673"}],"wp:attachment":[{"href":"https:\/\/grupserentill.com\/es\/wp-json\/wp\/v2\/media?parent=616"}],"curies":[{"name":"wp","href":"https:\/\/api.w.org\/{rel}","templated":true}]}}