{"id":613,"date":"2024-07-04T11:54:10","date_gmt":"2024-07-04T09:54:10","guid":{"rendered":"https:\/\/grupserentill.com\/proyectos\/"},"modified":"2025-03-18T12:50:50","modified_gmt":"2025-03-18T11:50:50","slug":"proyectos","status":"publish","type":"page","link":"https:\/\/grupserentill.com\/es\/proyectos\/","title":{"rendered":"Proyectos"},"content":{"rendered":"<p>[et_pb_section fb_built=\u00bb1&#8243; _builder_version=\u00bb4.25.1&#8243; _module_preset=\u00bbdefault\u00bb background_enable_color=\u00bboff\u00bb locked=\u00bboff\u00bb global_colors_info=\u00bb{}\u00bb theme_builder_area=\u00bbpost_content\u00bb][et_pb_row column_structure=\u00bb1_4,3_4&#8243; make_equal=\u00bbon\u00bb _builder_version=\u00bb4.25.1&#8243; _module_preset=\u00bbdefault\u00bb custom_padding=\u00bb4%|6%|4%|6%|true|true\u00bb animation_style=\u00bbfade\u00bb border_width_all=\u00bb1px\u00bb border_color_all=\u00bb#8D694F\u00bb global_colors_info=\u00bb{}\u00bb theme_builder_area=\u00bbpost_content\u00bb][et_pb_column type=\u00bb1_4&#8243; _builder_version=\u00bb4.25.1&#8243; _module_preset=\u00bbdefault\u00bb global_colors_info=\u00bb{}\u00bb theme_builder_area=\u00bbpost_content\u00bb][et_pb_icon font_icon=\u00bb&#xf03d;||fa||900&#8243; icon_color=\u00bb#8D694F\u00bb icon_width=\u00bb4em\u00bb align=\u00bbleft\u00bb _builder_version=\u00bb4.25.1&#8243; _module_preset=\u00bbdefault\u00bb hover_enabled=\u00bb0&#8243; global_colors_info=\u00bb{}\u00bb theme_builder_area=\u00bbpost_content\u00bb sticky_enabled=\u00bb0&#8243;][\/et_pb_icon][et_pb_text _builder_version=\u00bb4.25.1&#8243; _module_preset=\u00bb_initial\u00bb header_2_font_size=\u00bb2.5em\u00bb hover_enabled=\u00bb0&#8243; global_colors_info=\u00bb{}\u00bb theme_builder_area=\u00bbpost_content\u00bb sticky_enabled=\u00bb0&#8243;]<\/p>\n<h2>El a\u00f1o del relevo<\/h2>\n<p>[\/et_pb_text][\/et_pb_column][et_pb_column type=\u00bb3_4&#8243; _builder_version=\u00bb4.25.1&#8243; _module_preset=\u00bbdefault\u00bb global_colors_info=\u00bb{}\u00bb theme_builder_area=\u00bbpost_content\u00bb][et_pb_image src=\u00bbhttps:\/\/grupserentill.com\/wp-content\/uploads\/Portada_ano-relevo.jpg\u00bb title_text=\u00bbPortada_a\u00f1o relevo\u00bb _builder_version=\u00bb4.25.1&#8243; _module_preset=\u00bbdefault\u00bb hover_enabled=\u00bb0&#8243; global_colors_info=\u00bb{}\u00bb theme_builder_area=\u00bbpost_content\u00bb sticky_enabled=\u00bb0&#8243;][\/et_pb_image][et_pb_text _builder_version=\u00bb4.25.1&#8243; _module_preset=\u00bbdefault\u00bb hover_enabled=\u00bb0&#8243; global_colors_info=\u00bb{}\u00bb theme_builder_area=\u00bbpost_content\u00bb link_option_url=\u00bbhttps:\/\/www.rakuten.tv\/es\/player\/movies\/stream\/el-ano-del-relevo\u00bb sticky_enabled=\u00bb0&#8243;]<\/p>\n<p data-start=\"0\" data-end=\"177\">Hemos participado en el documental <em data-start=\"35\" data-end=\"56\">\u00abEl a\u00f1o del Relevo\u00bb<\/em>, dirigido por la reconocida cineasta Laura Jou y producido por Documentales en Canarias S.L. y Zebra Producciones S.A.<\/p>\n<p data-start=\"179\" data-end=\"519\">El documental aborda la complejidad del relevo generacional en el sector porcino a trav\u00e9s de las historias de dos familias. Por un lado, narra nuestra historia con el momento de relevo que estamos teniendo, mientras que, por otro, explora las dudas de un joven dividido entre continuar con el negocio familiar o perseguir sus sue\u00f1os en la ciudad.<\/p>\n<p data-start=\"521\" data-end=\"752\">Estas historias conectan con una problem\u00e1tica m\u00e1s amplia: la dificultad de atraer a las nuevas generaciones al campo debido a prejuicios, falta de servicios y desconocimiento sobre la modernizaci\u00f3n que ha experimentado el sector.<\/p>\n<p data-start=\"754\" data-end=\"1109\">La pel\u00edcula se present\u00f3 el 14 de noviembre en uno de los lugares m\u00e1s emblem\u00e1ticos de Madrid, los Cines Callao, convirti\u00e9ndose en un punto de encuentro para instituciones como Interporc, Anice, Fecic, Anafric, Cedecarne y Anprogapor, adem\u00e1s de numerosos actores del sector c\u00e1rnico espa\u00f1ol, junto con personalidades del \u00e1mbito pol\u00edtico, social y cultural.<\/p>\n<p data-start=\"1111\" data-end=\"1185\" data-is-last-node=\"\" data-is-only-node=\"\">Actualmente, est\u00e1 disponible en las plataformas Amazon Prime y Rakuten TV.<\/p>\n<p>[\/et_pb_text][\/et_pb_column][\/et_pb_row][et_pb_row column_structure=\u00bb1_4,3_4&#8243; make_equal=\u00bbon\u00bb _builder_version=\u00bb4.25.1&#8243; _module_preset=\u00bbdefault\u00bb custom_padding=\u00bb4%|6%|4%|6%|true|true\u00bb animation_style=\u00bbfade\u00bb border_width_all=\u00bb1px\u00bb border_color_all=\u00bb#8D694F\u00bb global_colors_info=\u00bb{}\u00bb theme_builder_area=\u00bbpost_content\u00bb custom_margin=\u00bb74px|auto||auto||\u00bb][et_pb_column type=\u00bb1_4&#8243; _builder_version=\u00bb4.25.1&#8243; _module_preset=\u00bbdefault\u00bb global_colors_info=\u00bb{}\u00bb theme_builder_area=\u00bbpost_content\u00bb][et_pb_icon font_icon=\u00bb&#xf06c;||fa||900&#8243; icon_color=\u00bb#8D694F\u00bb icon_width=\u00bb4em\u00bb align=\u00bbleft\u00bb _builder_version=\u00bb4.25.1&#8243; _module_preset=\u00bbdefault\u00bb global_colors_info=\u00bb{}\u00bb theme_builder_area=\u00bbpost_content\u00bb][\/et_pb_icon][et_pb_text _builder_version=\u00bb4.25.1&#8243; _module_preset=\u00bb_initial\u00bb header_2_font_size=\u00bb2.5em\u00bb global_colors_info=\u00bb{}\u00bb theme_builder_area=\u00bbpost_content\u00bb]<\/p>\n<h2>Reobiowind<\/h2>\n<p>[\/et_pb_text][\/et_pb_column][et_pb_column type=\u00bb3_4&#8243; _builder_version=\u00bb4.25.1&#8243; _module_preset=\u00bbdefault\u00bb global_colors_info=\u00bb{}\u00bb theme_builder_area=\u00bbpost_content\u00bb][et_pb_image src=\u00bbhttps:\/\/grupserentill.com\/wp-content\/uploads\/proyecto-rebiowind.png\u00bb title_text=\u00bbproyecto-rebiowind\u00bb _builder_version=\u00bb4.25.1&#8243; _module_preset=\u00bbdefault\u00bb global_colors_info=\u00bb{}\u00bb theme_builder_area=\u00bbpost_content\u00bb][\/et_pb_image][et_pb_text _builder_version=\u00bb4.25.1&#8243; _module_preset=\u00bbdefault\u00bb global_colors_info=\u00bb{}\u00bb theme_builder_area=\u00bbpost_content\u00bb]<\/p>\n<p>Rebiowind \u201cReciclado biol\u00f3gico de materiales compuestos para sectores energ\u00e9ticos y aeron\u00e1utico\u201d es un proyecto apoyado por la convocatoria AEI 2023 (Programa de Apoyo a Agrupaciones Empresariales Innovadoras) del Ministerio de Industria, Comercio y Turismo, financiada por la Uni\u00f3n Europea \u2013 Next Generation EU. El consorcio est\u00e1 formado por el Instituto Tecnol\u00f3gico de Arag\u00f3n, el Cl\u00faster de la Energ\u00eda de Arag\u00f3n (Clenar), el Cl\u00faster de Aeron\u00e1utica, el Aeroespacial y la Defensa de Arag\u00f3n (AERA), y las empresas Ramadera Terraple SL y Altertec.<\/p>\n<p>El principal objetivo del proyecto es obtener un subproducto de valor a\u00f1adido a partir del reciclaje de palas de aerogenerador y otros materiales compuestos del sector aeron\u00e1utico. Este subproducto de valor a\u00f1adido son las fibras de refuerzo de los materiales compuestos, que se obtienen con menor reducci\u00f3n de longitud. Para ello, se utilizar\u00e1n procesos biol\u00f3gicos, que permitan el reciclaje de los materiales compuestos de una manera eficiente y sostenible. Estos procesos est\u00e1n generados por microorganismos presentes en los purines como fuente de actividad biol\u00f3gica para el desarrollo del reciclaje.<\/p>\n<p>El proyecto tiene como finalidad promover la econom\u00eda circular y la gesti\u00f3n sostenible de los residuos en el sector e\u00f3lico y aeron\u00e1utico, permitiendo reducir su cantidad y contribuyendo a la protecci\u00f3n del medio ambiente, cumpliendo as\u00ed con el reto y los objetivos de convertir los nuestros sectores industriales estrat\u00e9gicos en menos lesivos y m\u00e1s sostenibles por el medio ambiente. Adem\u00e1s, el proyecto tambi\u00e9n busca fomentar la innovaci\u00f3n y el desarrollo tecnol\u00f3gico en el sector del reciclaje de materiales compuestos.<\/p>\n<p>[\/et_pb_text][\/et_pb_column][\/et_pb_row][\/et_pb_section][et_pb_section fb_built=\u00bb1&#8243; _builder_version=\u00bb4.25.1&#8243; _module_preset=\u00bbdefault\u00bb background_enable_color=\u00bboff\u00bb custom_padding=\u00bb0px||||false|false\u00bb locked=\u00bboff\u00bb global_colors_info=\u00bb{}\u00bb theme_builder_area=\u00bbpost_content\u00bb][et_pb_row column_structure=\u00bb1_4,3_4&#8243; make_equal=\u00bbon\u00bb _builder_version=\u00bb4.25.1&#8243; _module_preset=\u00bbdefault\u00bb custom_margin=\u00bb||||false|false\u00bb custom_padding=\u00bb4%|6%|4%|6%|true|true\u00bb animation_style=\u00bbfade\u00bb border_width_all=\u00bb1px\u00bb border_color_all=\u00bb#8D694F\u00bb global_colors_info=\u00bb{}\u00bb theme_builder_area=\u00bbpost_content\u00bb][et_pb_column type=\u00bb1_4&#8243; _builder_version=\u00bb4.25.1&#8243; _module_preset=\u00bbdefault\u00bb global_colors_info=\u00bb{}\u00bb theme_builder_area=\u00bbpost_content\u00bb][et_pb_icon font_icon=\u00bb&#xf384;||fa||400&#8243; icon_color=\u00bb#8D694F\u00bb icon_width=\u00bb4em\u00bb align=\u00bbleft\u00bb _builder_version=\u00bb4.25.1&#8243; _module_preset=\u00bbdefault\u00bb locked=\u00bboff\u00bb global_colors_info=\u00bb{}\u00bb theme_builder_area=\u00bbpost_content\u00bb][\/et_pb_icon][et_pb_text _builder_version=\u00bb4.25.1&#8243; _module_preset=\u00bb_initial\u00bb header_2_font_size=\u00bb2.5em\u00bb global_colors_info=\u00bb{}\u00bb theme_builder_area=\u00bbpost_content\u00bb]<\/p>\n<h2>HAI 4.0<\/h2>\n<p>[\/et_pb_text][et_pb_image src=\u00bbhttps:\/\/grupserentill.com\/wp-content\/uploads\/HAI.jpeg\u00bb title_text=\u00bbHAI\u00bb _builder_version=\u00bb4.25.1&#8243; _module_preset=\u00bbdefault\u00bb positioning=\u00bbabsolute\u00bb position_origin_a=\u00bbbottom_right\u00bb width=\u00bb100%\u00bb global_colors_info=\u00bb{}\u00bb theme_builder_area=\u00bbpost_content\u00bb][\/et_pb_image][\/et_pb_column][et_pb_column type=\u00bb3_4&#8243; _builder_version=\u00bb4.25.1&#8243; _module_preset=\u00bbdefault\u00bb global_colors_info=\u00bb{}\u00bb theme_builder_area=\u00bbpost_content\u00bb][et_pb_text _builder_version=\u00bb4.25.1&#8243; _module_preset=\u00bbdefault\u00bb global_colors_info=\u00bb{}\u00bb theme_builder_area=\u00bbpost_content\u00bb]<\/p>\n<p><img decoding=\"async\" class=\"alignright wp-image-81 size-medium lazyload\" style=\"--smush-placeholder-width: 300px; --smush-placeholder-aspect-ratio: 300\/300;float: right;\" data-src=\"https:\/\/grupserentill.com\/wp-content\/uploads\/hai40-300x300.jpg\" alt=\"\" width=\"300\" height=\"300\" data-srcset=\"https:\/\/grupserentill.com\/wp-content\/uploads\/hai40-300x300.jpg 300w, https:\/\/grupserentill.com\/wp-content\/uploads\/hai40-150x150.jpg 150w, https:\/\/grupserentill.com\/wp-content\/uploads\/hai40.jpg 472w\" data-sizes=\"(max-width: 300px) 100vw, 300px\" src=\"data:image\/svg+xml;base64,PHN2ZyB3aWR0aD0iMSIgaGVpZ2h0PSIxIiB4bWxucz0iaHR0cDovL3d3dy53My5vcmcvMjAwMC9zdmciPjwvc3ZnPg==\" \/>El proyecto HAI 4.0 (Interacci\u00f3n Humano-Animal 4.0) se basa en el an\u00e1lisis del comportamiento animal mediante inteligencia. El proyecto est\u00e1 liderado por el Cl\u00faster Espa\u00f1ol de Productores de Ganado Porcino (i+Porc), y en el que participan, adem\u00e1s de Ceva Salut Animal, Pinsos Costa, Grup Serentill, Infoporc (Opp Group), Sigma EQT Servei y el Institut de Recerca i Tecnologia Agroaliment\u00e0ries (IRTA).<\/p>\n<p>El proyecto se ha desarrollado en dos fases. En la primera se realiz\u00f3 la modelaci\u00f3n de la herramienta. Se ha desarrollado un sistema de evaluaci\u00f3n completo bajo las pautas de IRTA, Ceva e Infoporc, que fue probado en instalaciones de Pinsos Costa. El sistema cuenta con equipos f\u00edsicos de grabaci\u00f3n y env\u00edo de se\u00f1al de v\u00eddeo, que recogen la interacci\u00f3n entre humanos y animales en las granjas seg\u00fan los protocolos creados. Posteriormente, estos v\u00eddeos son procesados \u200b\u200bpor el sistema \u201cmachine learning \u2013 deep learning\u201d creado por EQTIC, que reconoce a las im\u00e1genes tanto a los operarios como a los animales, sus trayectorias y acercamientos o alejamientos.<\/p>\n<p>[\/et_pb_text][et_pb_text _builder_version=\u00bb4.25.1&#8243; _module_preset=\u00bbdefault\u00bb global_colors_info=\u00bb{}\u00bb theme_builder_area=\u00bbpost_content\u00bb]<\/p>\n<p>La granja Ramadera Terraple SL ha participado en la segunda fase, cuyo objetivo sigue siendo mejorar el bienestar y la producci\u00f3n ganadera mediante la automatizaci\u00f3n de la recopilaci\u00f3n de indicadores en tiempo real para elevar el confort de los animales, abordando los mismos uno de los principales retos del sector.<\/p>\n<p>Se eval\u00faa el efecto de variables espec\u00edficas en el comportamiento de los animales objeto de estudio y se crear\u00e1 un nuevo est\u00e1ndar que ayude en la valoraci\u00f3n del bienestar animal. La nueva metodolog\u00eda podr\u00e1 aplicarse en granjas de porcino y otras especies.<\/p>\n<p>La fase 2 completar\u00e1 el desarrollo de la tecnolog\u00eda con los consecuentes ensayos a granja y se perfilar\u00e1 el dise\u00f1o y metodolog\u00eda del sello \u00abHAI Friendly\u00bb, o la interacci\u00f3n humano-animal amigable, para las granjas comprometidas en este proyecto.<\/p>\n<p>[\/et_pb_text][\/et_pb_column][\/et_pb_row][\/et_pb_section]<\/p>\n","protected":false},"excerpt":{"rendered":"<p>El a\u00f1o del relevoHemos participado en el documental \u00abEl a\u00f1o del Relevo\u00bb, dirigido por la reconocida cineasta Laura Jou y producido por Documentales en Canarias S.L. y Zebra Producciones S.A. El documental aborda la complejidad del relevo generacional en el sector porcino a trav\u00e9s de las historias de dos familias. Por un lado, narra nuestra [&hellip;]<\/p>\n","protected":false},"author":1,"featured_media":763,"parent":0,"menu_order":0,"comment_status":"closed","ping_status":"closed","template":"","meta":{"_et_pb_use_builder":"on","_et_pb_old_content":"","_et_gb_content_width":"","footnotes":""},"class_list":["post-613","page","type-page","status-publish","has-post-thumbnail","hentry"],"yoast_head":"<!-- This site is optimized with the Yoast SEO plugin v27.1.1 - https:\/\/yoast.com\/product\/yoast-seo-wordpress\/ -->\n<title>Proyectos - Grup Serentill<\/title>\n<meta name=\"robots\" content=\"index, follow, max-snippet:-1, max-image-preview:large, max-video-preview:-1\" \/>\n<link rel=\"canonical\" href=\"https:\/\/grupserentill.com\/es\/proyectos\/\" \/>\n<meta property=\"og:locale\" content=\"es_ES\" \/>\n<meta property=\"og:type\" content=\"article\" \/>\n<meta property=\"og:title\" content=\"Proyectos - Grup Serentill\" \/>\n<meta property=\"og:description\" content=\"El a\u00f1o del relevoHemos participado en el documental &quot;El a\u00f1o del Relevo&quot;, dirigido por la reconocida cineasta Laura Jou y producido por Documentales en Canarias S.L. y Zebra Producciones S.A. El documental aborda la complejidad del relevo generacional en el sector porcino a trav\u00e9s de las historias de dos familias. Por un lado, narra nuestra [&hellip;]\" \/>\n<meta property=\"og:url\" content=\"https:\/\/grupserentill.com\/es\/proyectos\/\" \/>\n<meta property=\"og:site_name\" content=\"Grup Serentill\" \/>\n<meta property=\"article:modified_time\" content=\"2025-03-18T11:50:50+00:00\" \/>\n<meta property=\"og:image\" content=\"https:\/\/grupserentill.com\/wp-content\/uploads\/granja_2024.jpg\" \/>\n\t<meta property=\"og:image:width\" content=\"640\" \/>\n\t<meta property=\"og:image:height\" content=\"360\" \/>\n\t<meta property=\"og:image:type\" content=\"image\/jpeg\" \/>\n<meta name=\"twitter:card\" content=\"summary_large_image\" \/>\n<meta name=\"twitter:label1\" content=\"Tiempo de lectura\" \/>\n\t<meta name=\"twitter:data1\" content=\"7 minutos\" \/>\n<script type=\"application\/ld+json\" class=\"yoast-schema-graph\">{\"@context\":\"https:\/\/schema.org\",\"@graph\":[{\"@type\":\"WebPage\",\"@id\":\"https:\/\/grupserentill.com\/es\/proyectos\/\",\"url\":\"https:\/\/grupserentill.com\/es\/proyectos\/\",\"name\":\"Proyectos - Grup Serentill\",\"isPartOf\":{\"@id\":\"https:\/\/grupserentill.com\/es\/#website\"},\"primaryImageOfPage\":{\"@id\":\"https:\/\/grupserentill.com\/es\/proyectos\/#primaryimage\"},\"image\":{\"@id\":\"https:\/\/grupserentill.com\/es\/proyectos\/#primaryimage\"},\"thumbnailUrl\":\"https:\/\/grupserentill.com\/wp-content\/uploads\/granja_2024.jpg\",\"datePublished\":\"2024-07-04T09:54:10+00:00\",\"dateModified\":\"2025-03-18T11:50:50+00:00\",\"breadcrumb\":{\"@id\":\"https:\/\/grupserentill.com\/es\/proyectos\/#breadcrumb\"},\"inLanguage\":\"es\",\"potentialAction\":[{\"@type\":\"ReadAction\",\"target\":[\"https:\/\/grupserentill.com\/es\/proyectos\/\"]}]},{\"@type\":\"ImageObject\",\"inLanguage\":\"es\",\"@id\":\"https:\/\/grupserentill.com\/es\/proyectos\/#primaryimage\",\"url\":\"https:\/\/grupserentill.com\/wp-content\/uploads\/granja_2024.jpg\",\"contentUrl\":\"https:\/\/grupserentill.com\/wp-content\/uploads\/granja_2024.jpg\",\"width\":640,\"height\":360},{\"@type\":\"BreadcrumbList\",\"@id\":\"https:\/\/grupserentill.com\/es\/proyectos\/#breadcrumb\",\"itemListElement\":[{\"@type\":\"ListItem\",\"position\":1,\"name\":\"Inici\",\"item\":\"https:\/\/grupserentill.com\/es\/\"},{\"@type\":\"ListItem\",\"position\":2,\"name\":\"Proyectos\"}]},{\"@type\":\"WebSite\",\"@id\":\"https:\/\/grupserentill.com\/es\/#website\",\"url\":\"https:\/\/grupserentill.com\/es\/\",\"name\":\"Grup Serentill\",\"description\":\"\",\"publisher\":{\"@id\":\"https:\/\/grupserentill.com\/es\/#organization\"},\"potentialAction\":[{\"@type\":\"SearchAction\",\"target\":{\"@type\":\"EntryPoint\",\"urlTemplate\":\"https:\/\/grupserentill.com\/es\/?s={search_term_string}\"},\"query-input\":{\"@type\":\"PropertyValueSpecification\",\"valueRequired\":true,\"valueName\":\"search_term_string\"}}],\"inLanguage\":\"es\"},{\"@type\":\"Organization\",\"@id\":\"https:\/\/grupserentill.com\/es\/#organization\",\"name\":\"Grup Serentill\",\"url\":\"https:\/\/grupserentill.com\/es\/\",\"logo\":{\"@type\":\"ImageObject\",\"inLanguage\":\"es\",\"@id\":\"https:\/\/grupserentill.com\/es\/#\/schema\/logo\/image\/\",\"url\":\"https:\/\/grupserentill.com\/wp-content\/uploads\/GRUPS-positiu-transparent.png\",\"contentUrl\":\"https:\/\/grupserentill.com\/wp-content\/uploads\/GRUPS-positiu-transparent.png\",\"width\":400,\"height\":148,\"caption\":\"Grup Serentill\"},\"image\":{\"@id\":\"https:\/\/grupserentill.com\/es\/#\/schema\/logo\/image\/\"},\"sameAs\":[\"https:\/\/www.linkedin.com\/company\/grup-serentill\"]}]}<\/script>\n<!-- \/ Yoast SEO plugin. -->","yoast_head_json":{"title":"Proyectos - Grup Serentill","robots":{"index":"index","follow":"follow","max-snippet":"max-snippet:-1","max-image-preview":"max-image-preview:large","max-video-preview":"max-video-preview:-1"},"canonical":"https:\/\/grupserentill.com\/es\/proyectos\/","og_locale":"es_ES","og_type":"article","og_title":"Proyectos - Grup Serentill","og_description":"El a\u00f1o del relevoHemos participado en el documental \"El a\u00f1o del Relevo\", dirigido por la reconocida cineasta Laura Jou y producido por Documentales en Canarias S.L. y Zebra Producciones S.A. El documental aborda la complejidad del relevo generacional en el sector porcino a trav\u00e9s de las historias de dos familias. Por un lado, narra nuestra [&hellip;]","og_url":"https:\/\/grupserentill.com\/es\/proyectos\/","og_site_name":"Grup Serentill","article_modified_time":"2025-03-18T11:50:50+00:00","og_image":[{"width":640,"height":360,"url":"https:\/\/grupserentill.com\/wp-content\/uploads\/granja_2024.jpg","type":"image\/jpeg"}],"twitter_card":"summary_large_image","twitter_misc":{"Tiempo de lectura":"7 minutos"},"schema":{"@context":"https:\/\/schema.org","@graph":[{"@type":"WebPage","@id":"https:\/\/grupserentill.com\/es\/proyectos\/","url":"https:\/\/grupserentill.com\/es\/proyectos\/","name":"Proyectos - Grup Serentill","isPartOf":{"@id":"https:\/\/grupserentill.com\/es\/#website"},"primaryImageOfPage":{"@id":"https:\/\/grupserentill.com\/es\/proyectos\/#primaryimage"},"image":{"@id":"https:\/\/grupserentill.com\/es\/proyectos\/#primaryimage"},"thumbnailUrl":"https:\/\/grupserentill.com\/wp-content\/uploads\/granja_2024.jpg","datePublished":"2024-07-04T09:54:10+00:00","dateModified":"2025-03-18T11:50:50+00:00","breadcrumb":{"@id":"https:\/\/grupserentill.com\/es\/proyectos\/#breadcrumb"},"inLanguage":"es","potentialAction":[{"@type":"ReadAction","target":["https:\/\/grupserentill.com\/es\/proyectos\/"]}]},{"@type":"ImageObject","inLanguage":"es","@id":"https:\/\/grupserentill.com\/es\/proyectos\/#primaryimage","url":"https:\/\/grupserentill.com\/wp-content\/uploads\/granja_2024.jpg","contentUrl":"https:\/\/grupserentill.com\/wp-content\/uploads\/granja_2024.jpg","width":640,"height":360},{"@type":"BreadcrumbList","@id":"https:\/\/grupserentill.com\/es\/proyectos\/#breadcrumb","itemListElement":[{"@type":"ListItem","position":1,"name":"Inici","item":"https:\/\/grupserentill.com\/es\/"},{"@type":"ListItem","position":2,"name":"Proyectos"}]},{"@type":"WebSite","@id":"https:\/\/grupserentill.com\/es\/#website","url":"https:\/\/grupserentill.com\/es\/","name":"Grup Serentill","description":"","publisher":{"@id":"https:\/\/grupserentill.com\/es\/#organization"},"potentialAction":[{"@type":"SearchAction","target":{"@type":"EntryPoint","urlTemplate":"https:\/\/grupserentill.com\/es\/?s={search_term_string}"},"query-input":{"@type":"PropertyValueSpecification","valueRequired":true,"valueName":"search_term_string"}}],"inLanguage":"es"},{"@type":"Organization","@id":"https:\/\/grupserentill.com\/es\/#organization","name":"Grup Serentill","url":"https:\/\/grupserentill.com\/es\/","logo":{"@type":"ImageObject","inLanguage":"es","@id":"https:\/\/grupserentill.com\/es\/#\/schema\/logo\/image\/","url":"https:\/\/grupserentill.com\/wp-content\/uploads\/GRUPS-positiu-transparent.png","contentUrl":"https:\/\/grupserentill.com\/wp-content\/uploads\/GRUPS-positiu-transparent.png","width":400,"height":148,"caption":"Grup Serentill"},"image":{"@id":"https:\/\/grupserentill.com\/es\/#\/schema\/logo\/image\/"},"sameAs":["https:\/\/www.linkedin.com\/company\/grup-serentill"]}]}},"_links":{"self":[{"href":"https:\/\/grupserentill.com\/es\/wp-json\/wp\/v2\/pages\/613","targetHints":{"allow":["GET"]}}],"collection":[{"href":"https:\/\/grupserentill.com\/es\/wp-json\/wp\/v2\/pages"}],"about":[{"href":"https:\/\/grupserentill.com\/es\/wp-json\/wp\/v2\/types\/page"}],"author":[{"embeddable":true,"href":"https:\/\/grupserentill.com\/es\/wp-json\/wp\/v2\/users\/1"}],"replies":[{"embeddable":true,"href":"https:\/\/grupserentill.com\/es\/wp-json\/wp\/v2\/comments?post=613"}],"version-history":[{"count":4,"href":"https:\/\/grupserentill.com\/es\/wp-json\/wp\/v2\/pages\/613\/revisions"}],"predecessor-version":[{"id":811,"href":"https:\/\/grupserentill.com\/es\/wp-json\/wp\/v2\/pages\/613\/revisions\/811"}],"wp:featuredmedia":[{"embeddable":true,"href":"https:\/\/grupserentill.com\/es\/wp-json\/wp\/v2\/media\/763"}],"wp:attachment":[{"href":"https:\/\/grupserentill.com\/es\/wp-json\/wp\/v2\/media?parent=613"}],"curies":[{"name":"wp","href":"https:\/\/api.w.org\/{rel}","templated":true}]}}